{"id":50358,"date":"2026-04-07T21:28:42","date_gmt":"2026-04-07T21:28:42","guid":{"rendered":"https:\/\/scapefy.com\/?page_id=50358"},"modified":"2026-04-13T20:28:49","modified_gmt":"2026-04-13T20:28:49","slug":"projects","status":"publish","type":"page","link":"https:\/\/scapefy.com\/es\/projects\/","title":{"rendered":"Proyectos"},"content":{"rendered":"<section class=\"gbp-section gb-element-b2f22558\">\n<div class=\"gb-element-9af650ec\">\n<div class=\"gb-element-eeb21a2f\">\n<h1 class=\"gb-text gb-text-2d6ac7f1\"><strong>explora nuestros<\/strong><\/h1>\n\n\n\n<h1 class=\"gb-text gb-text-f62f001a\"><strong>proyectos<\/strong><\/h1>\n<\/div>\n<\/div>\n<\/section>\n\n\n\n<div class=\"gb-element-d762244c\">\n<div>\n<div class=\"gb-element-f868bbb2\">\n<div><\/div>\n\n\n\n<div class=\"gb-element-0434466c\">\n<h2 class=\"gb-text gb-text-fd0ce88a\">Descubre c\u00f3mo nuestros modelos 3D y recorridos virtuales 360\u00b0<\/h2>\n\n\n\n<p class=\"gb-text gb-text-bf8f469a\">ayudan a contratistas de exteriores y constructores de piscinas a vender<br>proyectos de alto valor sin fricci\u00f3n.<\/p>\n\n\n\n<p class=\"gb-text gb-text-d917486a\">of the highest quality to help outdoor contractors scale their businesses. By bringing precision to your estimates and efficiency  to your builds, we make your projects more profitable and leave  your clients absolutely thrilled.<\/p>\n<\/div>\n<\/div>\n<\/div>\n<\/div>\n\n\n\n<div>\n<div class=\"gb-element-333071f3\">\n<div class=\"gb-element-0be35cd4\">\n<div class=\"gb-element-b15d5c1b\">\n<div>\n<img loading=\"lazy\" decoding=\"async\" width=\"1321\" height=\"992\" class=\"gb-media-c49aba90\" alt=\"Architectural render of a house&apos;s rear facade at sunset, overlooking the illuminated pool, covered terrace, and relaxation area with hanging chairs.\" title=\"Rear Facade at Sunset\" src=\"https:\/\/scapefy.com\/wp-content\/uploads\/2026\/03\/Mesa-de-trabajo-89-copia-3.webp\" srcset=\"https:\/\/scapefy.com\/wp-content\/uploads\/2026\/03\/Mesa-de-trabajo-89-copia-3.webp 1321w, https:\/\/scapefy.com\/wp-content\/uploads\/2026\/03\/Mesa-de-trabajo-89-copia-3-300x225.webp 300w, https:\/\/scapefy.com\/wp-content\/uploads\/2026\/03\/Mesa-de-trabajo-89-copia-3-1024x769.webp 1024w, https:\/\/scapefy.com\/wp-content\/uploads\/2026\/03\/Mesa-de-trabajo-89-copia-3-768x577.webp 768w, https:\/\/scapefy.com\/wp-content\/uploads\/2026\/03\/Mesa-de-trabajo-89-copia-3-16x12.webp 16w, https:\/\/scapefy.com\/wp-content\/uploads\/2026\/03\/Mesa-de-trabajo-89-copia-3-600x451.webp 600w\" sizes=\"auto, (max-width: 1321px) 100vw, 1321px\" \/>\n\n\n\n<div class=\"gb-element-4ab18db5\">\n<h2 class=\"gb-text gb-text-c1208c02\"><strong>Pine Haus<\/strong><\/h2>\n<\/div>\n<\/div>\n\n\n\n<div class=\"gb-element-8f3b328f\">\n<h2 class=\"gb-text gb-text-c177e517\"><strong>Pine Haus<\/strong><\/h2>\n\n\n\n<div class=\"gb-element-2a4cb43c\">\n<a class=\"gb-text gb-text-b10c090c\">Piscina de Lujo y Circuito Estilo Resort<\/a>\n<\/div>\n\n\n\n<p class=\"gb-text gb-text-2bd777b8 translation-block\">El cliente ten\u00eda dificultades para visualizar la distribuci\u00f3n espacial de un terreno enorme. Este recorrido virtual 3D en varios niveles justific\u00f3 la zonificaci\u00f3n y asegur\u00f3 la venta del proyecto integral en una sola fase.<\/p>\n\n\n\n<p class=\"gb-text gb-text-c26f2ad5\">El cliente ten\u00eda dificultades para visualizar la distribuci\u00f3n espacial de un terreno enorme. Este recorrido virtual 3D en varios niveles justific\u00f3 la zonificaci\u00f3n y asegur\u00f3 la venta del proyecto integral en una sola fase.<\/p>\n<\/div>\n\n\n\n<div class=\"gb-element-c3046400\">\n<a class=\"gb-text gb-text-8f4c4543\" href=\"https:\/\/scapefy.com\/es\/pine-haus\/\"><strong>See the project<\/strong><\/a>\n<\/div>\n<\/div>\n\n\n\n<div class=\"gb-element-7b543326\">\n<div>\n<img loading=\"lazy\" decoding=\"async\" width=\"1201\" height=\"901\" class=\"gb-media-3c3bc7fe\" alt=\"Custom wooden pergola shading a curved stone fire pit area, flanked by vibrant red trees and purple flowers.\" title=\"Wooden Pergola and Red Maple Trees\" src=\"https:\/\/scapefy.com\/wp-content\/uploads\/2026\/03\/Mesa-de-trabajo-91.webp\" srcset=\"https:\/\/scapefy.com\/wp-content\/uploads\/2026\/03\/Mesa-de-trabajo-91.webp 1201w, https:\/\/scapefy.com\/wp-content\/uploads\/2026\/03\/Mesa-de-trabajo-91-300x225.webp 300w, https:\/\/scapefy.com\/wp-content\/uploads\/2026\/03\/Mesa-de-trabajo-91-1024x768.webp 1024w, https:\/\/scapefy.com\/wp-content\/uploads\/2026\/03\/Mesa-de-trabajo-91-768x576.webp 768w, https:\/\/scapefy.com\/wp-content\/uploads\/2026\/03\/Mesa-de-trabajo-91-16x12.webp 16w, https:\/\/scapefy.com\/wp-content\/uploads\/2026\/03\/Mesa-de-trabajo-91-600x450.webp 600w\" sizes=\"auto, (max-width: 1201px) 100vw, 1201px\" \/>\n\n\n\n<div class=\"gb-element-1eef79f9\">\n<h2 class=\"gb-text gb-text-69ed7ab9\"><strong><strong>Red Accent<\/strong><\/strong><\/h2>\n<\/div>\n<\/div>\n\n\n\n<div class=\"gb-element-5f2da6bf\">\n<h2 class=\"gb-text gb-text-8cc4284d\"><strong>Red Accent<\/strong><\/h2>\n\n\n\n<div class=\"gb-element-3fe7e190\">\n<a class=\"gb-text gb-text-d40fd7a3\">Zona de Bienestar y P\u00e9rgola de Madera<\/a>\n<\/div>\n\n\n\n<p class=\"gb-text gb-text-b92282c8\">La transici\u00f3n arquitect\u00f3nica entre la madera robusta y la mamposter\u00eda de piedra era dif\u00edcil de explicar con planos en 2D. El render nocturno resalt\u00f3 el dise\u00f1o de iluminaci\u00f3n y logr\u00f3 vender la p\u00e9rgola como un adicional premium.<\/p>\n\n\n\n<div class=\"gb-element-b712c18a\">\n<a class=\"gb-text gb-text-ce70f792\" href=\"https:\/\/scapefy.com\/es\/red-accent\/\"><strong>See the project<\/strong><\/a>\n<\/div>\n<\/div>\n<\/div>\n\n\n\n<div class=\"gb-element-49b860d1\">\n<div>\n<img loading=\"lazy\" decoding=\"async\" width=\"2560\" height=\"1444\" class=\"gb-media-fafdce5e\" alt=\"Rear view of a white house with large windows, looking out onto a stone patio with a swimming pool, raised spa, and three wicker loungers.\" title=\"Pool and Sun Loungers\" src=\"https:\/\/scapefy.com\/wp-content\/uploads\/2026\/03\/Mesa-de-trabajo-99-copia-1-scaled.webp\" srcset=\"https:\/\/scapefy.com\/wp-content\/uploads\/2026\/03\/Mesa-de-trabajo-99-copia-1-scaled.webp 2560w, https:\/\/scapefy.com\/wp-content\/uploads\/2026\/03\/Mesa-de-trabajo-99-copia-1-300x169.webp 300w, https:\/\/scapefy.com\/wp-content\/uploads\/2026\/03\/Mesa-de-trabajo-99-copia-1-1024x577.webp 1024w, https:\/\/scapefy.com\/wp-content\/uploads\/2026\/03\/Mesa-de-trabajo-99-copia-1-768x433.webp 768w, https:\/\/scapefy.com\/wp-content\/uploads\/2026\/03\/Mesa-de-trabajo-99-copia-1-1536x866.webp 1536w, https:\/\/scapefy.com\/wp-content\/uploads\/2026\/03\/Mesa-de-trabajo-99-copia-1-2048x1155.webp 2048w, https:\/\/scapefy.com\/wp-content\/uploads\/2026\/03\/Mesa-de-trabajo-99-copia-1-18x10.webp 18w, https:\/\/scapefy.com\/wp-content\/uploads\/2026\/03\/Mesa-de-trabajo-99-copia-1-600x338.webp 600w\" sizes=\"auto, (max-width: 2560px) 100vw, 2560px\" \/>\n\n\n\n<div class=\"gb-element-a2ca466e\">\n<h2 class=\"gb-text gb-text-5dde307f\"><strong>Leon\u2019s Hearth<\/strong><\/h2>\n<\/div>\n<\/div>\n\n\n\n<div class=\"gb-element-e9e8eddd\">\n<h2 class=\"gb-text gb-text-91ebb243\"><strong>Leon\u2019s Hearth<\/strong><\/h2>\n\n\n\n<div class=\"gb-element-abac6f4d\">\n<a class=\"gb-text gb-text-ef7e592b\">Topograf\u00eda y Piscina de Dise\u00f1o Libre<\/a>\n<\/div>\n\n\n\n<p class=\"gb-text gb-text-e45c4572 translation-block\">La topograf\u00eda compleja generaba fricci\u00f3n en la venta debido a los altos costos de nivelaci\u00f3n del terreno. Visualizar la transici\u00f3n con muros de piedra elimin\u00f3 las dudas del cliente y garantiz\u00f3 la aprobaci\u00f3n de este oasis en varios niveles.<\/p>\n\n\n\n<p class=\"gb-text gb-text-c82c0fa0\">La topograf\u00eda compleja generaba fricci\u00f3n en la venta debido a los altos costos de nivelaci\u00f3n del terreno. Visualizar la transici\u00f3n con muros de piedra elimin\u00f3 las dudas del cliente y garantiz\u00f3 la aprobaci\u00f3n de este oasis en varios niveles.<\/p>\n<\/div>\n\n\n\n<div class=\"gb-element-570a1595\">\n<a class=\"gb-text gb-text-675869d5\" href=\"https:\/\/scapefy.com\/es\/leons-hearth\/\"><strong>See the project<\/strong><\/a>\n<\/div>\n<\/div>\n\n\n\n<div class=\"gb-element-5c98da81\">\n<div>\n<img loading=\"lazy\" decoding=\"async\" width=\"2560\" height=\"1443\" class=\"gb-media-31761f94\" alt=\"Tropical Pool Deck and Landscaping\" title=\"Tropical Pool Deck and Landscaping\" src=\"https:\/\/scapefy.com\/wp-content\/uploads\/2026\/04\/Mesa-de-trabajo-89-3-scaled.webp\" srcset=\"https:\/\/scapefy.com\/wp-content\/uploads\/2026\/04\/Mesa-de-trabajo-89-3-scaled.webp 2560w, https:\/\/scapefy.com\/wp-content\/uploads\/2026\/04\/Mesa-de-trabajo-89-3-300x169.webp 300w, https:\/\/scapefy.com\/wp-content\/uploads\/2026\/04\/Mesa-de-trabajo-89-3-1024x577.webp 1024w, https:\/\/scapefy.com\/wp-content\/uploads\/2026\/04\/Mesa-de-trabajo-89-3-768x433.webp 768w, https:\/\/scapefy.com\/wp-content\/uploads\/2026\/04\/Mesa-de-trabajo-89-3-1536x866.webp 1536w, https:\/\/scapefy.com\/wp-content\/uploads\/2026\/04\/Mesa-de-trabajo-89-3-2048x1154.webp 2048w, https:\/\/scapefy.com\/wp-content\/uploads\/2026\/04\/Mesa-de-trabajo-89-3-18x10.webp 18w, https:\/\/scapefy.com\/wp-content\/uploads\/2026\/04\/Mesa-de-trabajo-89-3-600x338.webp 600w\" sizes=\"auto, (max-width: 2560px) 100vw, 2560px\" \/>\n\n\n\n<div class=\"gb-element-a8a17c37\">\n<h2 class=\"gb-text gb-text-264c0377\"><strong>Vertical Tropic<\/strong><\/h2>\n<\/div>\n<\/div>\n\n\n\n<div class=\"gb-element-92d46e28\">\n<h2 class=\"gb-text gb-text-884f7b30\"><strong>Vertical Tropic<\/strong><\/h2>\n\n\n\n<div class=\"gb-element-5680c36c\">\n<a class=\"gb-text gb-text-3d10b675\">Dise\u00f1o Libre y Paisajismo Bot\u00e1nico<\/a>\n<\/div>\n\n\n\n<p class=\"gb-text gb-text-ac03cce1 translation-block\">Un dise\u00f1o asim\u00e9trico sin l\u00edneas rectas requiere una fuerte inmersi\u00f3n visual para venderse. Al renderizar de manera realista la densa vegetaci\u00f3n del proyecto, logramos aumentar el valor percibido y justificar un presupuesto premium ante el cliente.<\/p>\n\n\n\n<p class=\"gb-text gb-text-85793814\">Un dise\u00f1o asim\u00e9trico sin l\u00edneas rectas requiere una fuerte inmersi\u00f3n visual para venderse. Al renderizar de manera realista la densa vegetaci\u00f3n del proyecto, logramos aumentar el valor percibido y justificar un presupuesto premium ante el cliente.<\/p>\n<\/div>\n\n\n\n<div class=\"gb-element-3fb0caf4\">\n<a class=\"gb-text gb-text-79871ee1\" href=\"https:\/\/scapefy.com\/es\/vertical-tropic\/%20\/\"><strong>See the project<\/strong><\/a>\n<\/div>\n<\/div>\n\n\n\n<div class=\"gb-element-a188e55a\">\n<div>\n<img loading=\"lazy\" decoding=\"async\" width=\"1201\" height=\"901\" class=\"gb-media-7ba9adce\" alt=\"\" title=\"Interior View to Pool and Backyard\" src=\"https:\/\/scapefy.com\/wp-content\/uploads\/2026\/04\/Mesa-de-trabajo-94-copia-5.webp\" srcset=\"https:\/\/scapefy.com\/wp-content\/uploads\/2026\/04\/Mesa-de-trabajo-94-copia-5.webp 1201w, https:\/\/scapefy.com\/wp-content\/uploads\/2026\/04\/Mesa-de-trabajo-94-copia-5-300x225.webp 300w, https:\/\/scapefy.com\/wp-content\/uploads\/2026\/04\/Mesa-de-trabajo-94-copia-5-1024x768.webp 1024w, https:\/\/scapefy.com\/wp-content\/uploads\/2026\/04\/Mesa-de-trabajo-94-copia-5-768x576.webp 768w, https:\/\/scapefy.com\/wp-content\/uploads\/2026\/04\/Mesa-de-trabajo-94-copia-5-16x12.webp 16w, https:\/\/scapefy.com\/wp-content\/uploads\/2026\/04\/Mesa-de-trabajo-94-copia-5-600x450.webp 600w\" sizes=\"auto, (max-width: 1201px) 100vw, 1201px\" \/>\n\n\n\n<div class=\"gb-element-56919b9a\">\n<h2 class=\"gb-text gb-text-44d3912c\"><strong>Terra Deck<\/strong><\/h2>\n<\/div>\n<\/div>\n\n\n\n<div class=\"gb-element-38703bbf\">\n<h2 class=\"gb-text gb-text-543bf5a1\"><strong>Terra Deck<\/strong><\/h2>\n\n\n\n<div class=\"gb-element-51af568f\">\n<a class=\"gb-text gb-text-68cf0074\">Estructuras Elevadas y Seguridad<\/a>\n<\/div>\n\n\n\n<p class=\"gb-text gb-text-334d418c translation-block\">El cl\u00e1sico dilema: \u00bfc\u00f3mo integrar una cerca de seguridad para ni\u00f1os sin arruinar la est\u00e9tica del dise\u00f1o? El modelo 3D demostr\u00f3 una integraci\u00f3n impecable, logrando cerrar la venta del proyecto gracias a su enfoque orientado a la familia.<\/p>\n\n\n\n<p class=\"gb-text gb-text-af827ae8 translation-block\">El cl\u00e1sico dilema: \u00bfc\u00f3mo integrar una cerca de seguridad para ni\u00f1os sin arruinar la est\u00e9tica del dise\u00f1o? El modelo 3D demostr\u00f3 una integraci\u00f3n impecable, logrando cerrar la venta del proyecto gracias a su enfoque orientado a la familia.<\/p>\n<\/div>\n\n\n\n<div class=\"gb-element-bbfa7ae5\">\n<a class=\"gb-text gb-text-34d39f68\" href=\"https:\/\/scapefy.com\/es\/terra-deck\/\"><strong>See the project<\/strong><\/a>\n<\/div>\n<\/div>\n\n\n\n<div class=\"gb-element-f9f7fc75\">\n<div>\n<img loading=\"lazy\" decoding=\"async\" width=\"2560\" height=\"1443\" class=\"gb-media-f9151a2c\" alt=\"\" title=\"Comprehensive Backyard Design Overview\" src=\"https:\/\/scapefy.com\/wp-content\/uploads\/2026\/04\/Mesa-de-trabajo-90-scaled.webp\" srcset=\"https:\/\/scapefy.com\/wp-content\/uploads\/2026\/04\/Mesa-de-trabajo-90-scaled.webp 2560w, https:\/\/scapefy.com\/wp-content\/uploads\/2026\/04\/Mesa-de-trabajo-90-300x169.webp 300w, https:\/\/scapefy.com\/wp-content\/uploads\/2026\/04\/Mesa-de-trabajo-90-1024x577.webp 1024w, https:\/\/scapefy.com\/wp-content\/uploads\/2026\/04\/Mesa-de-trabajo-90-768x433.webp 768w, https:\/\/scapefy.com\/wp-content\/uploads\/2026\/04\/Mesa-de-trabajo-90-1536x866.webp 1536w, https:\/\/scapefy.com\/wp-content\/uploads\/2026\/04\/Mesa-de-trabajo-90-2048x1154.webp 2048w, https:\/\/scapefy.com\/wp-content\/uploads\/2026\/04\/Mesa-de-trabajo-90-18x10.webp 18w, https:\/\/scapefy.com\/wp-content\/uploads\/2026\/04\/Mesa-de-trabajo-90-600x338.webp 600w\" sizes=\"auto, (max-width: 2560px) 100vw, 2560px\" \/>\n\n\n\n<div class=\"gb-element-23ceeb75\">\n<h2 class=\"gb-text gb-text-d806577d\"><strong><strong>Modular Green<\/strong><\/strong><\/h2>\n<\/div>\n<\/div>\n\n\n\n<div class=\"gb-element-4587d2af\">\n<h2 class=\"gb-text gb-text-8d5d8aa9\"><strong>Modular Green<\/strong><\/h2>\n\n\n\n<div class=\"gb-element-9cab56b7\">\n<a class=\"gb-text gb-text-d5daa532\">Plan Maestro y Zonificaci\u00f3n<\/a>\n<\/div>\n\n\n\n<p class=\"gb-text gb-text-29cc94c2 translation-block\">Integrar una piscina, una cocina de exterior y oficinas de jard\u00edn en un mismo terreno generaba confusi\u00f3n espacial en los planos tradicionales. Este dise\u00f1o 3D demostr\u00f3 una distribuci\u00f3n perfecta y garantiz\u00f3 la aprobaci\u00f3n inmediata del plan maestro.<\/p>\n\n\n\n<p class=\"gb-text gb-text-c9a42bec translation-block\">Integrar una piscina, una cocina de exterior y oficinas de jard\u00edn en un mismo terreno generaba confusi\u00f3n espacial en los planos tradicionales. Este dise\u00f1o 3D demostr\u00f3 una distribuci\u00f3n perfecta y garantiz\u00f3 la aprobaci\u00f3n inmediata del plan maestro.<\/p>\n<\/div>\n\n\n\n<div class=\"gb-element-d61261fe\">\n<a class=\"gb-text gb-text-995d4c28\" href=\"https:\/\/scapefy.com\/es\/modular-green\/\"><strong>See the project<\/strong><\/a>\n<\/div>\n<\/div>\n<\/div>\n\n\n\n<div class=\"gb-element-8ece7325\">\n<div class=\"gb-element-78c6d61b\">\n<div class=\"gb-element-c81a77b8\">\n<div>\n<img loading=\"lazy\" decoding=\"async\" width=\"1201\" height=\"901\" class=\"gb-media-19fc90a4\" alt=\"\" title=\"Nighttime Backyard Patio Illuminated by String Lights\" src=\"https:\/\/scapefy.com\/wp-content\/uploads\/2026\/04\/4-2.webp\" srcset=\"https:\/\/scapefy.com\/wp-content\/uploads\/2026\/04\/4-2.webp 1201w, https:\/\/scapefy.com\/wp-content\/uploads\/2026\/04\/4-2-300x225.webp 300w, https:\/\/scapefy.com\/wp-content\/uploads\/2026\/04\/4-2-1024x768.webp 1024w, https:\/\/scapefy.com\/wp-content\/uploads\/2026\/04\/4-2-768x576.webp 768w, https:\/\/scapefy.com\/wp-content\/uploads\/2026\/04\/4-2-16x12.webp 16w, https:\/\/scapefy.com\/wp-content\/uploads\/2026\/04\/4-2-600x450.webp 600w\" sizes=\"auto, (max-width: 1201px) 100vw, 1201px\" \/>\n\n\n\n<div class=\"gb-element-1829189b\">\n<h2 class=\"gb-text gb-text-e7d11b6f\"><strong><strong>The Pocket Patio<\/strong><\/strong><\/h2>\n<\/div>\n<\/div>\n\n\n\n<div class=\"gb-element-cba50c74\">\n<h2 class=\"gb-text gb-text-601870b9\"><strong>The Pocket Patio<\/strong><\/h2>\n\n\n\n<div class=\"gb-element-c60a8b57\">\n<a class=\"gb-text gb-text-92c3554f\">Lujo en Espacios Compactos e Iluminaci\u00f3n<\/a>\n<\/div>\n\n\n\n<p class=\"gb-text gb-text-ed248dfe translation-block\">Un patio mediano limitaba la visi\u00f3n del cliente. Presentar el proyecto mediante un render al atardecer con iluminaci\u00f3n exterior estrat\u00e9gica logr\u00f3 vender un concepto de \"lujo\" en un terreno de dimensiones est\u00e1ndar.<\/p>\n\n\n\n<p class=\"gb-text gb-text-aa3073d4\">Un patio mediano limitaba la visi\u00f3n del cliente. Presentar el proyecto mediante un render al atardecer con iluminaci\u00f3n exterior estrat\u00e9gica logr\u00f3 vender un concepto de \"lujo\" en un terreno de dimensiones est\u00e1ndar.<\/p>\n<\/div>\n\n\n\n<div class=\"gb-element-90a81ee1\">\n<a class=\"gb-text gb-text-5dd8356e\" href=\"https:\/\/scapefy.com\/es\/the-pocket-patio\/\"><strong>See the project<\/strong><\/a>\n<\/div>\n<\/div>\n\n\n\n<div>\n<div>\n<img loading=\"lazy\" decoding=\"async\" width=\"2560\" height=\"1444\" class=\"gb-media-fd4770cf\" alt=\"\" title=\"Large Backyard Landscape with Pool Spa and Wooden Swing Set\" src=\"https:\/\/scapefy.com\/wp-content\/uploads\/2026\/04\/Mesa-de-trabajo-99-1-scaled.webp\" srcset=\"https:\/\/scapefy.com\/wp-content\/uploads\/2026\/04\/Mesa-de-trabajo-99-1-scaled.webp 2560w, https:\/\/scapefy.com\/wp-content\/uploads\/2026\/04\/Mesa-de-trabajo-99-1-300x169.webp 300w, https:\/\/scapefy.com\/wp-content\/uploads\/2026\/04\/Mesa-de-trabajo-99-1-1024x577.webp 1024w, https:\/\/scapefy.com\/wp-content\/uploads\/2026\/04\/Mesa-de-trabajo-99-1-768x433.webp 768w, https:\/\/scapefy.com\/wp-content\/uploads\/2026\/04\/Mesa-de-trabajo-99-1-1536x866.webp 1536w, https:\/\/scapefy.com\/wp-content\/uploads\/2026\/04\/Mesa-de-trabajo-99-1-2048x1155.webp 2048w, https:\/\/scapefy.com\/wp-content\/uploads\/2026\/04\/Mesa-de-trabajo-99-1-18x10.webp 18w, https:\/\/scapefy.com\/wp-content\/uploads\/2026\/04\/Mesa-de-trabajo-99-1-600x338.webp 600w\" sizes=\"auto, (max-width: 2560px) 100vw, 2560px\" \/>\n\n\n\n<div class=\"gb-element-07be320c\">\n<h2 class=\"gb-text gb-text-87370d3c\"><strong><strong>Pebble &amp; Pine<\/strong><\/strong><\/h2>\n<\/div>\n<\/div>\n\n\n\n<div class=\"gb-element-5833c9e8\">\n<h2 class=\"gb-text gb-text-4931364c\"><strong>Pebble &amp; Pine<\/strong><\/h2>\n\n\n\n<div class=\"gb-element-76b9b581\">\n<a class=\"gb-text gb-text-a054eea5\">Oasis Familiar y Elementos Acu\u00e1ticos<\/a>\n<\/div>\n\n\n\n<p class=\"gb-text gb-text-d9021754 translation-block\">El cliente necesitaba convencerse para invertir en un proyecto integral que inclu\u00eda un tobog\u00e1n de piedra personalizado. La conexi\u00f3n emocional generada por la visualizaci\u00f3n de este \"refugio familiar\" aceler\u00f3 la firma del contrato.<\/p>\n\n\n\n<p class=\"gb-text gb-text-c8322002\">El cliente necesitaba convencerse para invertir en un proyecto integral que inclu\u00eda un tobog\u00e1n de piedra personalizado. La conexi\u00f3n emocional generada por la visualizaci\u00f3n de este \"refugio familiar\" aceler\u00f3 la firma del contrato.<br>contract signing.<\/p>\n<\/div>\n\n\n\n<div class=\"gb-element-32b560a6\">\n<a class=\"gb-text gb-text-ff965914\" href=\"https:\/\/scapefy.com\/es\/pebble-pine\/\"><strong>See the project<\/strong><\/a>\n<\/div>\n<\/div>\n<\/div>\n<\/div>\n<\/div>\n<\/div>\n\n\n\n<section class=\"gbp-section gb-element-0161ccd5\" id=\"proyectos\">\n<div class=\"gb-element-af7dc693\">\n<h2 class=\"gb-text gb-text-0b0e07a4\">\u00bfListo para elevar el nivel de tus<br>presentaciones de proyectos?<\/h2>\n\n\n\n<h2 class=\"gb-text gb-text-53402804\">\u00bfListo para elevar el nivel de tus presentaciones de proyectos?<\/h2>\n\n\n\n<p class=\"gb-text gb-text-89ac2187\">No dejes tus ventas al azar ni a la imaginaci\u00f3n de tu cliente. Usa la visualizaci\u00f3n 360\u00b0 de Scapefy<br>y la tecnolog\u00eda de modelado 3D para comunicar el valor de tu proyecto con mayor impacto y precisi\u00f3n.<\/p>\n\n\n\n<p class=\"gb-text gb-text-b01ff8a1\">No dejes tus ventas al azar ni a la imaginaci\u00f3n de tu cliente. Usa la visualizaci\u00f3n 360\u00b0 de Scapefy y la tecnolog\u00eda de modelado 3D para comunicar el valor de tu proyecto con mayor impacto y precisi\u00f3n.<\/p>\n\n\n\n<div>\n<a class=\"gb-text gb-text-caf977e9\" href=\"https:\/\/scapefy.com\/es\/contact-us\/\">Explora Nuestros Planes<\/a>\n<\/div>\n<\/div>\n<\/section>","protected":false},"excerpt":{"rendered":"<p>explore our projects Explore how our 3D models and 360\u00b0 walkthroughs help hardscape contractors and pool builders sell high-ticketprojects without friction. of the highest quality to help outdoor contractors scale their businesses. By bringing precision to your estimates and efficiency to your builds, we make your projects more profitable and leave your clients absolutely thrilled. &#8230; <a title=\"Proyectos\" class=\"read-more\" href=\"https:\/\/scapefy.com\/es\/projects\/\" aria-label=\"Leer m\u00e1s sobre Projects\">Read more<\/a><\/p>","protected":false},"author":2,"featured_media":0,"parent":0,"menu_order":0,"comment_status":"closed","ping_status":"closed","template":"","meta":{"footnotes":""},"class_list":["post-50358","page","type-page","status-publish"],"_links":{"self":[{"href":"https:\/\/scapefy.com\/es\/wp-json\/wp\/v2\/pages\/50358","targetHints":{"allow":["GET"]}}],"collection":[{"href":"https:\/\/scapefy.com\/es\/wp-json\/wp\/v2\/pages"}],"about":[{"href":"https:\/\/scapefy.com\/es\/wp-json\/wp\/v2\/types\/page"}],"author":[{"embeddable":true,"href":"https:\/\/scapefy.com\/es\/wp-json\/wp\/v2\/users\/2"}],"replies":[{"embeddable":true,"href":"https:\/\/scapefy.com\/es\/wp-json\/wp\/v2\/comments?post=50358"}],"version-history":[{"count":23,"href":"https:\/\/scapefy.com\/es\/wp-json\/wp\/v2\/pages\/50358\/revisions"}],"predecessor-version":[{"id":50582,"href":"https:\/\/scapefy.com\/es\/wp-json\/wp\/v2\/pages\/50358\/revisions\/50582"}],"wp:attachment":[{"href":"https:\/\/scapefy.com\/es\/wp-json\/wp\/v2\/media?parent=50358"}],"curies":[{"name":"wp","href":"https:\/\/api.w.org\/{rel}","templated":true}]}}