{"id":50463,"date":"2026-04-09T19:03:11","date_gmt":"2026-04-09T19:03:11","guid":{"rendered":"https:\/\/scapefy.com\/?page_id=50463"},"modified":"2026-04-13T20:16:24","modified_gmt":"2026-04-13T20:16:24","slug":"about-us","status":"publish","type":"page","link":"https:\/\/scapefy.com\/es\/about-us\/","title":{"rendered":"Nosotros"},"content":{"rendered":"<section class=\"gbp-section gb-element-b2f22558\">\n<div class=\"gb-element-9af650ec\">\n<div class=\"gb-element-eeb21a2f\">\n<h1 class=\"gb-text gb-text-2d6ac7f1\"><strong>Donde el Dise\u00f1o Impulsa el Crecimiento<\/strong><\/h1>\n\n\n\n<h1 class=\"gb-text gb-text-f62f001a translation-block\"><br>Somos el Motor de Crecimiento para empresas <br>de Paisajismo y Construcci\u00f3n de Exteriores<\/h1>\n\n\n\n<div class=\"gb-element-6455e52a\">\n<p class=\"gb-text gb-text-07dc2677 translation-block\">Nacimos para modernizar la industria, fusionando la creatividad del <br>dise\u00f1o con la eficiencia de la tecnolog\u00eda<\/p>\n<\/div>\n\n\n\n<div>\n<a class=\"gb-text gb-text-c62cac00\">Conoce Nuestro Proceso<\/a>\n<\/div>\n<\/div>\n<\/div>\n<\/section>\n\n\n\n<div>\n<div class=\"gb-element-215af097\">\n<div>\n<div class=\"gb-element-15dc6380\">\n<div class=\"gb-element-38b10bc9\">\n<img loading=\"lazy\" decoding=\"async\" width=\"1201\" height=\"901\" class=\"gb-media-d9a3b901\" alt=\"\" title=\"Professional Hardscape Contractors Installing Custom Stone Patio\" src=\"https:\/\/scapefy.com\/wp-content\/uploads\/2026\/04\/Mesa-de-trabajo-91-copia-2.webp\" srcset=\"https:\/\/scapefy.com\/wp-content\/uploads\/2026\/04\/Mesa-de-trabajo-91-copia-2.webp 1201w, https:\/\/scapefy.com\/wp-content\/uploads\/2026\/04\/Mesa-de-trabajo-91-copia-2-300x225.webp 300w, https:\/\/scapefy.com\/wp-content\/uploads\/2026\/04\/Mesa-de-trabajo-91-copia-2-1024x768.webp 1024w, https:\/\/scapefy.com\/wp-content\/uploads\/2026\/04\/Mesa-de-trabajo-91-copia-2-768x576.webp 768w, https:\/\/scapefy.com\/wp-content\/uploads\/2026\/04\/Mesa-de-trabajo-91-copia-2-16x12.webp 16w, https:\/\/scapefy.com\/wp-content\/uploads\/2026\/04\/Mesa-de-trabajo-91-copia-2-600x450.webp 600w\" sizes=\"auto, (max-width: 1201px) 100vw, 1201px\" \/>\n<\/div>\n\n\n\n<div class=\"gb-element-aa8915e0\">\n<h3 class=\"gb-text gb-text-8c4b2764 translation-block\">Existimos para resolver la <br>Paradoja del Contratista<\/h3>\n\n\n\n<h3 class=\"gb-text gb-text-46ec9592\"><strong>Existimos para resolver la Paradoja del Contratista<\/strong><\/h3>\n\n\n\n<p class=\"gb-text gb-text-6574cf29 translation-block\">Eres excelente construyendo, pero chocas contra un muro <br>a la hora de vender tu visi\u00f3n. Tus clientes no saben leer <br>planos t\u00e9cnicos en 2D, y el proceso de convencerlos te <br>consume demasiadas horas. Vimos c\u00f3mo excelentes <br>contratistas perd\u00edan proyectos de alto valor simplemente <br> porque el propietario \"no lograba imagin\u00e1rselo\". Scapefy <br>naci\u00f3 para eliminar esa fricci\u00f3n y transformar las dudas<br> de tus clientes en contratos firmados de forma predecible.<\/p>\n\n\n\n<p class=\"gb-text gb-text-d00462f6\">Eres excelente construyendo, pero chocas contra un muro a la hora de vender tu visi\u00f3n. Tus clientes no saben leer planos t\u00e9cnicos en 2D, y el proceso de convencerlos te consume demasiadas horas. Vimos c\u00f3mo excelentes contratistas perd\u00edan proyectos de alto valor simplemente porque el propietario \"no lograba imagin\u00e1rselo\". Scapefy naci\u00f3 para eliminar esa fricci\u00f3n y transformar las dudas de tus clientes en contratos firmados de forma predecible.<\/p>\n<\/div>\n\n\n\n<div class=\"gb-element-1ae71d88\">\n<img loading=\"lazy\" decoding=\"async\" width=\"1201\" height=\"901\" class=\"gb-media-3bddfdca\" alt=\"\" title=\"Professional Hardscape Contractors Installing Custom Stone Patio\" src=\"https:\/\/scapefy.com\/wp-content\/uploads\/2026\/04\/Mesa-de-trabajo-91-copia-2.webp\" srcset=\"https:\/\/scapefy.com\/wp-content\/uploads\/2026\/04\/Mesa-de-trabajo-91-copia-2.webp 1201w, https:\/\/scapefy.com\/wp-content\/uploads\/2026\/04\/Mesa-de-trabajo-91-copia-2-300x225.webp 300w, https:\/\/scapefy.com\/wp-content\/uploads\/2026\/04\/Mesa-de-trabajo-91-copia-2-1024x768.webp 1024w, https:\/\/scapefy.com\/wp-content\/uploads\/2026\/04\/Mesa-de-trabajo-91-copia-2-768x576.webp 768w, https:\/\/scapefy.com\/wp-content\/uploads\/2026\/04\/Mesa-de-trabajo-91-copia-2-16x12.webp 16w, https:\/\/scapefy.com\/wp-content\/uploads\/2026\/04\/Mesa-de-trabajo-91-copia-2-600x450.webp 600w\" sizes=\"auto, (max-width: 1201px) 100vw, 1201px\" \/>\n<\/div>\n<\/div>\n<\/div>\n<\/div>\n\n\n\n<div>\n<div class=\"gb-element-00558308\">\n<div class=\"gb-element-7920fa0c\">\n<img loading=\"lazy\" decoding=\"async\" width=\"1201\" height=\"901\" class=\"gb-media-e4a3fe21\" alt=\"\" title=\"Construction Team Measuring Backyard for Landscape Project Layout\" src=\"https:\/\/scapefy.com\/wp-content\/uploads\/2026\/04\/Mesa-de-trabajo-91-3.webp\" srcset=\"https:\/\/scapefy.com\/wp-content\/uploads\/2026\/04\/Mesa-de-trabajo-91-3.webp 1201w, https:\/\/scapefy.com\/wp-content\/uploads\/2026\/04\/Mesa-de-trabajo-91-3-300x225.webp 300w, https:\/\/scapefy.com\/wp-content\/uploads\/2026\/04\/Mesa-de-trabajo-91-3-1024x768.webp 1024w, https:\/\/scapefy.com\/wp-content\/uploads\/2026\/04\/Mesa-de-trabajo-91-3-768x576.webp 768w, https:\/\/scapefy.com\/wp-content\/uploads\/2026\/04\/Mesa-de-trabajo-91-3-16x12.webp 16w, https:\/\/scapefy.com\/wp-content\/uploads\/2026\/04\/Mesa-de-trabajo-91-3-600x450.webp 600w\" sizes=\"auto, (max-width: 1201px) 100vw, 1201px\" \/>\n<\/div>\n\n\n\n<div class=\"gb-element-a8993bc7\">\n<h3 class=\"gb-text gb-text-6d4d2266\"><strong>M\u00e1s que una simple visualizaci\u00f3n 3D<br>Una herramienta de alto impacto para tu proceso de ventas<\/strong><\/h3>\n\n\n\n<h3 class=\"gb-text gb-text-135eda57\"><strong>M\u00e1s que una simple visualizaci\u00f3n 3D<br>Una herramienta de alto impacto para tu proceso de ventas<\/strong><\/h3>\n\n\n\n<p class=\"gb-text gb-text-cfc9abd7 translation-block\">Somos una soluci\u00f3n h\u00edbrida dise\u00f1ada exclusivamente para <br> contratistas. Entregamos renders 3D de alta gama y <br>recorridos virtuales 360\u00b0, pero no los tratamos como simples <br> piezas de arte; los construimos como herramientas <br>estrat\u00e9gicas de venta.<\/p>\n\n\n\n<p class=\"gb-text gb-text-ed2ab75c\">Somos una soluci\u00f3n h\u00edbrida dise\u00f1ada exclusivamente para <br>contratistas. Entregamos renders 3D de alta gama y  <br> recorridos virtuales 360\u00b0, pero no los tratamos como <br> simples piezas de arte; los construimos como herramientas<br> estrat\u00e9gicas de venta.<br><br>Al asociarte con nosotros, integras la experiencia t\u00e9cnica de nuestros especialistas directamente en tu flujo de trabajo. Esto optimiza tus procesos y te brinda un modelo de costos predecible, permiti\u00e9ndote planificar con mayor eficacia, sin inflar tus costos operativos internos ni lidiar con improvisaciones de \u00faltima hora.<\/p>\n<\/div>\n<\/div>\n<\/div>\n<\/div>\n\n\n\n<section class=\"gbp-section gb-element-2d6aff73\" id=\"proyectos\">\n<div class=\"gb-element-6c526e73\">\n<h2 class=\"gb-text gb-text-ac43fab1 translation-block\">El rigor del dise\u00f1o se une a <br>la experiencia real en obra<\/h2>\n\n\n\n<h2 class=\"gb-text gb-text-17073ca4\">Design rigor meets real field experience<\/h2>\n\n\n\n<div>\n<p class=\"gb-text gb-text-670ff6d2 translation-block\">Nuestro ADN combina lo mejor de ambos mundos: la precisi\u00f3n arquitect\u00f3nica de Studio Pech <br> y la experiencia real en construcci\u00f3n y ventas de SunSouth Carolinas. No somos simples artistas 3D <br> adivinando c\u00f3mo se construye un patio; entendemos a la perfecci\u00f3n la nivelaci\u00f3n <br> del terreno, los materiales y los costos de instalaci\u00f3n. Y lo m\u00e1s importante, <br>sabemos exactamente qu\u00e9 necesita ver tu cliente para aprobar el presupuesto sin dudarlo.<\/p>\n\n\n\n<p class=\"gb-text gb-text-03621083 translation-block\">Nuestro ADN combina lo mejor de ambos mundos: la precisi\u00f3n arquitect\u00f3nica de Studio Pech y la experiencia real en construcci\u00f3n y ventas de SunSouth Carolinas. No somos simples artistas 3D adivinando c\u00f3mo se construye un patio; entendemos a la perfecci\u00f3n la nivelaci\u00f3n del terreno, los materiales y los costos de instalaci\u00f3n. Y lo m\u00e1s importante, sabemos exactamente qu\u00e9 necesita ver tu cliente para aprobar el presupuesto sin dudarlo.<\/p>\n<\/div>\n<\/div>\n\n\n\n<div class=\"gb-element-b5681437\">\n<div class=\"gb-element-ab565d6b\">\n<div>\n<a href=\"https:\/\/studiopech.com\/\" target=\"_blank\" rel=\"noopener\"><img loading=\"lazy\" decoding=\"async\" width=\"1201\" height=\"901\" class=\"gb-media-3dcf2c23\" alt=\"\" title=\"Studio Pech Landscape Architecture and Design Logo\" src=\"https:\/\/scapefy.com\/wp-content\/uploads\/2026\/04\/Mesa-de-trabajo-91-copia-2-2.webp\" srcset=\"https:\/\/scapefy.com\/wp-content\/uploads\/2026\/04\/Mesa-de-trabajo-91-copia-2-2.webp 1201w, https:\/\/scapefy.com\/wp-content\/uploads\/2026\/04\/Mesa-de-trabajo-91-copia-2-2-300x225.webp 300w, https:\/\/scapefy.com\/wp-content\/uploads\/2026\/04\/Mesa-de-trabajo-91-copia-2-2-1024x768.webp 1024w, https:\/\/scapefy.com\/wp-content\/uploads\/2026\/04\/Mesa-de-trabajo-91-copia-2-2-768x576.webp 768w, https:\/\/scapefy.com\/wp-content\/uploads\/2026\/04\/Mesa-de-trabajo-91-copia-2-2-16x12.webp 16w, https:\/\/scapefy.com\/wp-content\/uploads\/2026\/04\/Mesa-de-trabajo-91-copia-2-2-600x450.webp 600w\" sizes=\"auto, (max-width: 1201px) 100vw, 1201px\" \/><\/a>\n<\/div>\n\n\n\n<div>\n<a href=\"https:\/\/sunsouthcarolinas.com\/\" target=\"_blank\" rel=\"noopener\"><img loading=\"lazy\" decoding=\"async\" width=\"1201\" height=\"901\" class=\"gb-media-8ca119b9\" alt=\"\" title=\"Sunsouth Carolinas Construction Company Logo\" src=\"https:\/\/scapefy.com\/wp-content\/uploads\/2026\/04\/Mesa-de-trabajo-91-copia-3-2.webp\" srcset=\"https:\/\/scapefy.com\/wp-content\/uploads\/2026\/04\/Mesa-de-trabajo-91-copia-3-2.webp 1201w, https:\/\/scapefy.com\/wp-content\/uploads\/2026\/04\/Mesa-de-trabajo-91-copia-3-2-300x225.webp 300w, https:\/\/scapefy.com\/wp-content\/uploads\/2026\/04\/Mesa-de-trabajo-91-copia-3-2-1024x768.webp 1024w, https:\/\/scapefy.com\/wp-content\/uploads\/2026\/04\/Mesa-de-trabajo-91-copia-3-2-768x576.webp 768w, https:\/\/scapefy.com\/wp-content\/uploads\/2026\/04\/Mesa-de-trabajo-91-copia-3-2-16x12.webp 16w, https:\/\/scapefy.com\/wp-content\/uploads\/2026\/04\/Mesa-de-trabajo-91-copia-3-2-600x450.webp 600w\" sizes=\"auto, (max-width: 1201px) 100vw, 1201px\" \/><\/a>\n<\/div>\n<\/div>\n<\/div>\n<\/section>\n\n\n\n<section class=\"gbp-section gb-element-c13af75f\" id=\"proyectos\">\n<div class=\"gb-element-f7bcbaeb\">\n<h2 class=\"gb-text gb-text-46717d94 translation-block\">El Verdadero Poder <br>de la Visualizaci\u00f3n 3D<\/h2>\n\n\n\n<h2 class=\"gb-text gb-text-90bc4f6a\"><strong>El Verdadero Poder de la Visualizaci\u00f3n 3D<\/strong><\/h2>\n\n\n\n<div>\n<p class=\"gb-text gb-text-0262b87e translation-block\">Olv\u00eddate de las corazonadas. Los datos demuestran c\u00f3mo la tecnolog\u00eda inmersiva <br>elimina directamente los principales cuellos de botella en tus ventas.<\/p>\n\n\n\n<p class=\"gb-text gb-text-1f4ddd4b\">Olv\u00eddate de las corazonadas. Los datos demuestran c\u00f3mo la tecnolog\u00eda inmersiva elimina directamente los principales cuellos de botella en tus ventas.<\/p>\n<\/div>\n\n\n\n<div class=\"gb-element-06a1c7c7\">\n<div class=\"gb-element-dee8b5a1 tarjeta-centrada\">\n<div class=\"gb-element-d315ede3\">\n<h3 class=\"gb-text gb-text-0a37e205\"><strong>73%<\/strong><\/h3>\n\n\n\n<p class=\"gb-text gb-text-5f5af3a6 translation-block\"><strong>Decisiones<br> m\u00e1s r\u00e1pidas<\/strong><\/p>\n<\/div>\n\n\n\n<div class=\"gb-element-2a17e8ae\">\n<h3 class=\"gb-text gb-text-919c5ee7\"><strong>4x<\/strong><\/h3>\n\n\n\n<p class=\"gb-text gb-text-0526b783 translation-block\"><strong>M\u00e1s cierres <br>de alto valor<\/strong><\/p>\n<\/div>\n\n\n\n<div class=\"gb-element-dbffecf8\">\n<h3 class=\"gb-text gb-text-a3b3fb67\"><strong>68%<\/strong><\/h3>\n\n\n\n<p class=\"gb-text gb-text-69ea01b7 translation-block\"><strong>Menos revisiones <br> de dise\u00f1o<\/strong><\/p>\n<\/div>\n\n\n\n<div class=\"gb-element-b07ab19d\">\n<h3 class=\"gb-text gb-text-86699272\"><strong>91%<\/strong><\/h3>\n\n\n\n<p class=\"gb-text gb-text-cf38981c translation-block\"><strong>Mayor confianza <br> del cliente<\/strong><\/p>\n<\/div>\n<\/div>\n<\/div>\n<\/div>\n<\/section>\n\n\n\n<section class=\"gbp-section gb-element-0161ccd5\" id=\"proyectos\">\n<div class=\"gb-element-af7dc693\">\n<h2 class=\"gb-text gb-text-0b0e07a4 translation-block\">Creemos en dise\u00f1os que venden <br>y en la precisi\u00f3n que garantiza la ejecuci\u00f3n<\/h2>\n\n\n\n<h2 class=\"gb-text gb-text-e2b437cd\">Creemos en dise\u00f1os que venden y en la precisi\u00f3n que garantiza la ejecuci\u00f3n<\/h2>\n\n\n\n<p class=\"gb-text gb-text-002000bd translation-block\">Creemos que el futuro de la industria de espacios al aire libre no solo se construye <br>con ladrillos y plantas, sino con propuestas claras que convierten a los prospectos y <br>gu\u00edan a tu equipo en el terreno.\n\nEntendemos que un modelo 3D excepcional no solo <br>cierra la venta, sino que elimina errores, retrasos y fallas de comunicaci\u00f3n durante la instalaci\u00f3n. <br>El tiempo de un due\u00f1o de negocio es sagrado: delegar tu departamento de dise\u00f1o <br>a expertos no es un gasto, es la inversi\u00f3n que protege tu rentabilidad desde el primer apret\u00f3n <br>de manos hasta el \u00faltimo d\u00eda de la obra.<br>\n\n<strong>Somos el motor de tu evoluci\u00f3n comercial y operativa.<\/strong><\/p>\n\n\n\n<p class=\"gb-text gb-text-a30bb627 translation-block\">Creemos que el futuro de la industria de espacios al aire libre no solo se construye con ladrillos y plantas, sino con propuestas claras que convierten a los prospectos y gu\u00edan a tu equipo en el terreno.\n\nEntendemos que un modelo 3D excepcional no solo cierra la venta, sino que elimina errores, retrasos y fallas de comunicaci\u00f3n durante la instalaci\u00f3n. El tiempo de un due\u00f1o de negocio es sagrado: delegar tu departamento de dise\u00f1o a expertos no es un gasto, es la inversi\u00f3n que protege tu rentabilidad desde el primer apret\u00f3n de manos hasta el \u00faltimo d\u00eda de la obra.\n\n<strong>Somos el motor de tu evoluci\u00f3n comercial y operativa.<\/strong><\/p>\n<\/div>\n<\/section>\n\n\n\n<section class=\"gbp-section gb-element-d52de2fe\" id=\"proyectos\">\n<div class=\"gb-element-5a86a5b9\">\n<h2 class=\"gb-text gb-text-8f9347a6 translation-block\">\u00bfListo para llevar la cantidad y calidad <br> de tu trabajo al siguiente nivel?<\/h2>\n\n\n\n<h2 class=\"gb-text gb-text-f8207c53\">\u00bfListo para llevar la cantidad y calidad de tu trabajo al siguiente nivel?<\/h2>\n\n\n\n<p class=\"gb-text gb-text-3944f5bf translation-block\">Delega tu motor visual a Scapefy y enf\u00f3cate en lo <br>que realmente escala tu negocio: cerrar contratos de alto valor<br> y ejecutar tus proyectos con precisi\u00f3n milim\u00e9trica.<\/p>\n\n\n\n<p class=\"gb-text gb-text-e679a088 translation-block\">Delega tu motor visual a Scapefy y enf\u00f3cate en lo que realmente escala tu negocio: cerrar contratos de alto valor y ejecutar tus proyectos con precisi\u00f3n milim\u00e9trica.<\/p>\n\n\n\n<div>\n<a class=\"gb-text gb-text-b5e6752c\" href=\"https:\/\/scapefy.com\/es\/contact-us\/\">Agendar una llamada<\/a>\n<\/div>\n<\/div>\n<\/section>","protected":false},"excerpt":{"rendered":"<p>Where Vision Builds Evolution We are the Growth Engine for Landscapingand Hardscaping companies We were born to modernize the industry, fusing the creativity ofdesign with the efficiency of technology Discover Our Process We exist to solve theContractor&#8217;s Paradox We exist to solve the Contractor&#8217;s Paradox You are excellent at building, but you hit a wallwhen &#8230; <a title=\"Nosotros\" class=\"read-more\" href=\"https:\/\/scapefy.com\/es\/about-us\/\" aria-label=\"Leer m\u00e1s sobre About us\">Read more<\/a><\/p>","protected":false},"author":2,"featured_media":0,"parent":0,"menu_order":0,"comment_status":"closed","ping_status":"closed","template":"","meta":{"footnotes":""},"class_list":["post-50463","page","type-page","status-publish"],"_links":{"self":[{"href":"https:\/\/scapefy.com\/es\/wp-json\/wp\/v2\/pages\/50463","targetHints":{"allow":["GET"]}}],"collection":[{"href":"https:\/\/scapefy.com\/es\/wp-json\/wp\/v2\/pages"}],"about":[{"href":"https:\/\/scapefy.com\/es\/wp-json\/wp\/v2\/types\/page"}],"author":[{"embeddable":true,"href":"https:\/\/scapefy.com\/es\/wp-json\/wp\/v2\/users\/2"}],"replies":[{"embeddable":true,"href":"https:\/\/scapefy.com\/es\/wp-json\/wp\/v2\/comments?post=50463"}],"version-history":[{"count":30,"href":"https:\/\/scapefy.com\/es\/wp-json\/wp\/v2\/pages\/50463\/revisions"}],"predecessor-version":[{"id":50579,"href":"https:\/\/scapefy.com\/es\/wp-json\/wp\/v2\/pages\/50463\/revisions\/50579"}],"wp:attachment":[{"href":"https:\/\/scapefy.com\/es\/wp-json\/wp\/v2\/media?parent=50463"}],"curies":[{"name":"wp","href":"https:\/\/api.w.org\/{rel}","templated":true}]}}